{"id":23740,"date":"2017-12-15T09:27:00","date_gmt":"2017-12-15T08:27:00","guid":{"rendered":"http:\/\/grammmedical.com\/data-protection\/"},"modified":"2017-12-15T09:27:01","modified_gmt":"2017-12-15T08:27:01","slug":"data-protection","status":"publish","type":"page","link":"http:\/\/grammmedical.com\/en\/data-protection\/","title":{"rendered":"Data protection"},"content":{"rendered":"<div class=\"fusion-fullwidth fullwidth-box fusion-builder-row-1 nonhundred-percent-fullwidth non-hundred-percent-height-scrolling\" style=\"background-color: #ffffff;background-position: center center;background-repeat: no-repeat;padding-top:20px;padding-right:5%;padding-bottom:20px;padding-left:5%;margin-bottom: 0px;margin-top: 0px;border-width: 0px 0px 0px 0px;border-color:#eae9e9;border-style:solid;\" ><div class=\"fusion-builder-row fusion-row\"><div class=\"fusion-layout-column fusion_builder_column fusion-builder-column-0 fusion_builder_column_1_1 1_1 fusion-one-full fusion-column-first fusion-column-last\" style=\"margin-top:0px;margin-bottom:20px;\"><div class=\"fusion-column-wrapper fusion-flex-column-wrapper-legacy\" style=\"background-position:left top;background-repeat:no-repeat;-webkit-background-size:cover;-moz-background-size:cover;-o-background-size:cover;background-size:cover;padding: 0px 0px 0px 0px;\"><div class=\"fusion-text fusion-text-1\" style=\"transform:translate3d(0,0,0);\"><h1><span id=\"result_box\" class=\"short_text\" lang=\"en\"><span class=\"\">data protection<\/span><\/span><\/h1>\n<p><span id=\"result_box\" class=\"\" lang=\"en\"><span class=\"\">The operators of these pages take the protection of your personal data very seriously.<\/span> <span class=\"\">We treat your personal data confidentially and in accordance with the statutory data protection regulations and this privacy policy.<\/span><\/p>\n<p><span class=\"\">The use of our website is usually possible without providing personal information.<\/span> As far as on our sides personal data (for example name, address or E-Mail addresses) are raised, this takes place, as far as possible, always on freiwilliger basis. These data will not be disclosed to third parties without your explicit consent.<\/p>\n<p>Please note that data transmission over the Internet (for example, when communicating via e-mail) may have security vulnerabilities. A complete protection of the data from access by third parties is not possible.<\/span><\/p>\n<p>&nbsp;<\/p>\n<h1><span id=\"result_box\" class=\"short_text\" lang=\"en\"><span class=\"\">cookies<\/span><\/span><\/h1>\n<p><span id=\"result_box\" class=\"\" lang=\"en\"><span title=\"Die Internetseiten verwenden teilweise so genannte Cookies.\">The internet pages partly use so-called cookies. <\/span><span title=\"Cookies richten auf Ihrem Rechner keinen Schaden an und enthalten keine Viren.\">Cookies do not harm your computer and do not contain viruses. <\/span><span title=\"Cookies dienen dazu, unser Angebot nutzerfreundlicher, effektiver und sicherer zu machen.\">Cookies serve to make our offer more user-friendly, effective and secure. <\/span><span title=\"Cookies sind kleine Textdateien, die auf Ihrem Rechner abgelegt werden und die Ihr Browser speichert.\n\n\">Cookies are small text files that are stored on your computer and stored by your browser.<\/p>\n<p><\/span><span title=\"Die meisten der von uns verwendeten Cookies sind so genannte \u201eSession-Cookies\u201c.\">Most of the cookies we use are so-called &#8220;session cookies&#8221;. <\/span><span title=\"Sie werden nach Ende Ihres Besuchs automatisch gel\u00f6scht.\">They are automatically deleted after your visit. <\/span><span title=\"Andere Cookies bleiben auf Ihrem Endger\u00e4t gespeichert, bis Sie diese l\u00f6schen.\">Other cookies remain stored on your device until you delete them. <\/span><span title=\"Diese Cookies erm\u00f6glichen es uns, Ihren Browser beim n\u00e4chsten Besuch wiederzuerkennen.\n\n\">These cookies allow us to recognize your browser the next time you visit.<\/p>\n<p><\/span><span title=\"Sie k\u00f6nnen Ihren Browser so einstellen, dass Sie \u00fcber das Setzen von Cookies informiert werden und Cookies nur im Einzelfall erlauben, die Annahme von Cookies f\u00fcr bestimmte F\u00e4lle oder generell ausschlie\u00dfen sowie das automatische L\u00f6schen der Cookies beim Schlie\u00dfen des Browser aktivieren.\">You can set your browser so that you are informed about the setting of cookies and allow cookies only in individual cases, the acceptance of cookies for certain cases or generally exclude and activate the automatic deletion of cookies when closing the browser. <\/span><span title=\"Bei der Deaktivierung von Cookies kann die Funktionalit\u00e4t dieser Website eingeschr\u00e4nkt sein.\">Disabling cookies may limit the functionality of this website.<\/span><\/span><\/p>\n<p>&nbsp;<\/p>\n<h1><span id=\"result_box\" class=\"short_text\" lang=\"en\"><span class=\"\">contact form<\/span><\/span><\/h1>\n<p><span id=\"result_box\" class=\"\" lang=\"en\"><span class=\"\">If you send us inquiries via the contact form, your details from the inquiry form, including the contact details you provided there, will be stored in order to process the request and in case of follow-up questions.<\/span> We will not share this information without your consent.<\/span><\/p>\n<h1><span id=\"result_box\" class=\"short_text\" lang=\"en\"><span class=\"\">Newsletter<\/span> data<\/span><\/h1>\n<p><span id=\"result_box\" class=\"\" lang=\"en\"><span class=\"\">If you would like to receive the newsletter offered on the website, we need an e-mail address from you, as well as information that allows us to verify that you are the owner of the specified e-mail address and that you agree to receive the newsletter<\/span> , Further data is not collected. We use this data exclusively for the delivery of the requested information and do not pass it on to third parties.<\/p>\n<p>The granted consent to the storage of the data, the e-mail address and their use for sending the newsletter can be revoked at any time, for example via the &#8220;unsubscribe&#8221; link in the newsletter.<\/span><\/p>\n<p>&nbsp;<\/p>\n<h1><span id=\"result_box\" class=\"short_text\" lang=\"en\"><span class=\"\">Privacy Policy for the use of Google Analytics<\/span><\/span><\/h1>\n<p><span id=\"result_box\" class=\"\" lang=\"en\"><span class=\"\">This website uses functions of the web analytics service Google Analytics.<\/span> Provider is Google Inc., 1600 Amphitheater Parkway Mountain View, CA 94043, USA.<\/p>\n<p>Google Analytics uses so-called &#8220;cookies&#8221;. These are text files that are stored on your computer and that allow an analysis of the use of the website by you. The information generated by the cookie about your use of this website is usually transmitted to a Google server in the USA and stored there.<\/p>\n<p>For more information on how to handle user data on Google Analytics, please refer to the Google Privacy Policy:<\/span><\/p>\n<p><a href=\"https:\/\/support.google.com\/analytics\/answer\/6004245?hl=de\">https:\/\/support.google.com\/analytics\/answer\/6004245?<\/a><\/p>\n<h1><span id=\"result_box\" class=\"short_text\" lang=\"en\"><span class=\"\">Browser plugin<\/span><\/span><\/h1>\n<p><span id=\"result_box\" class=\"\" lang=\"en\"><span class=\"\">You can prevent the storage of cookies by a corresponding setting of your browser software;<\/span> However, please be aware that if you do this you may not be able to use the full functionality of this website<br \/>\ncan. In addition, you may prevent the collection by Google of the data generated by the cookie and related to your use of the website (including your IP address) as well as the processing of this data by Google by downloading the browser plug-in available under the following link and install:<\/span><a href=\"https:\/\/tools.google.com\/dlpage\/gaoptout?hl=de\"> https:\/\/tools.google.com\/dlpage\/gaoptout?hl=de<\/a><\/p>\n<h1><span id=\"result_box\" class=\"short_text\" lang=\"en\"><span class=\"\">Opposition to data collection<\/span><\/span><\/h1>\n<p><span id=\"result_box\" class=\"\" lang=\"en\"><span class=\"\">You can prevent the collection of your data by Google Analytics by clicking on the following link.<\/span> <span class=\"\">An opt-out cookie will be set which prevents the collection of your data on future visits to this website: disable Google Analytics<\/span><\/span><\/p>\n<h1><span id=\"result_box\" class=\"short_text\" lang=\"en\"><span class=\"\">IP anonymization<\/span><\/span><\/h1>\n<p><span id=\"result_box\" class=\"\" lang=\"en\"><span class=\"\">We use the function &#8220;Activation of IP anonymization&#8221; on this website.<\/span> As a result, your IP address will be truncated by Google beforehand within member states of the European Union or in other contracting states of the Agreement on the European Economic Area. Only in exceptional cases will the full IP address be sent to a Google server in the US and shortened there. On behalf of the operator of this website, Google will use this information to evaluate your use of the website, to compile reports on website activity and to provide other services related to website activity and internet usage to the website operator. The IP address provided by Google Analytics within the framework of Google Analytics will not be used with other data provided by Google<br \/>\nmerged.<\/span><\/p>\n<h1><span id=\"result_box\" class=\"short_text\" lang=\"en\"><span class=\"\">SSL encryption<\/span><\/span><\/h1>\n<p><span id=\"result_box\" class=\"\" lang=\"en\"><span class=\"\">This site uses SSL encryption for security reasons and to protect the transmission of sensitive content, such as the requests you send to us as the site operator.<\/span> An encrypted connection can be recognized by the fact that the<br \/>\nThe address bar of the browser changes from &#8220;http: \/\/&#8221; to &#8220;https: \/\/&#8221; and to the padlock icon in your browser line.<\/p>\n<p>If SSL encryption is enabled, the data you submit to us can not be read by third parties.<\/span><\/p>\n<p>&nbsp;<\/p>\n<h1><span id=\"result_box\" class=\"short_text\" lang=\"en\"><span class=\"\">Information, cancellation, blocking<\/span><\/span><\/h1>\n<p><span id=\"result_box\" class=\"\" lang=\"en\"><span class=\"\">At any time you have the right to free information about your stored personal data, their origin and recipient and the purpose of the data processing and a right to correct, block or delete this data.<\/span> For further information on personal data you can contact us at any time at the address given in the imprint.<\/span><\/p>\n<h1><span id=\"result_box\" class=\"short_text\" lang=\"en\"><span class=\"\">Contradiction advertising emails<\/span><\/span><\/h1>\n<p><span id=\"result_box\" class=\"\" lang=\"en\"><span class=\"\">The use of published in the context of the imprint obligation contact information for sending unsolicited advertising and information materials is hereby rejected.<\/span> The operators of the pages expressly reserve the right to take legal action in the event of the unsolicited sending of advertising information, for example through spam e-mails.<\/span><\/p>\n<p>&nbsp;<\/p>\n<\/div><div class=\"fusion-clearfix\"><\/div><\/div><\/div><\/div><\/div>\n","protected":false},"excerpt":{"rendered":"","protected":false},"author":3,"featured_media":0,"parent":0,"menu_order":0,"comment_status":"closed","ping_status":"closed","template":"","meta":[],"yoast_head":"<!-- This site is optimized with the Yoast SEO plugin v15.9.1 - https:\/\/yoast.com\/wordpress\/plugins\/seo\/ -->\n<title>Data protection - GRAMM medical healthcare GmbH<\/title>\n<meta name=\"robots\" content=\"noindex, follow, max-snippet:-1, max-image-preview:large, max-video-preview:-1\" \/>\n<meta property=\"og:locale\" content=\"en_US\" \/>\n<meta property=\"og:type\" content=\"article\" \/>\n<meta property=\"og:title\" content=\"Data protection - GRAMM medical healthcare GmbH\" \/>\n<meta property=\"og:url\" content=\"http:\/\/grammmedical.com\/en\/data-protection\/\" \/>\n<meta property=\"og:site_name\" content=\"GRAMM medical healthcare GmbH\" \/>\n<meta property=\"article:modified_time\" content=\"2017-12-15T08:27:01+00:00\" \/>\n<meta name=\"twitter:card\" content=\"summary\" \/>\n<meta name=\"twitter:label1\" content=\"Est. reading time\">\n\t<meta name=\"twitter:data1\" content=\"6 minutes\">\n<script type=\"application\/ld+json\" class=\"yoast-schema-graph\">{\"@context\":\"https:\/\/schema.org\",\"@graph\":[{\"@type\":\"WebSite\",\"@id\":\"http:\/\/grammmedical.com\/#website\",\"url\":\"http:\/\/grammmedical.com\/\",\"name\":\"GRAMM medical healthcare GmbH\",\"description\":\"Verbandstoffe, Pflaster, Augensp\\u00fclungen und Erste Hilfe Aussttattung\",\"potentialAction\":[{\"@type\":\"SearchAction\",\"target\":\"http:\/\/grammmedical.com\/?s={search_term_string}\",\"query-input\":\"required name=search_term_string\"}],\"inLanguage\":\"en-US\"},{\"@type\":\"WebPage\",\"@id\":\"http:\/\/grammmedical.com\/en\/data-protection\/#webpage\",\"url\":\"http:\/\/grammmedical.com\/en\/data-protection\/\",\"name\":\"Data protection - GRAMM medical healthcare GmbH\",\"isPartOf\":{\"@id\":\"http:\/\/grammmedical.com\/#website\"},\"datePublished\":\"2017-12-15T08:27:00+00:00\",\"dateModified\":\"2017-12-15T08:27:01+00:00\",\"breadcrumb\":{\"@id\":\"http:\/\/grammmedical.com\/en\/data-protection\/#breadcrumb\"},\"inLanguage\":\"en-US\",\"potentialAction\":[{\"@type\":\"ReadAction\",\"target\":[\"http:\/\/grammmedical.com\/en\/data-protection\/\"]}]},{\"@type\":\"BreadcrumbList\",\"@id\":\"http:\/\/grammmedical.com\/en\/data-protection\/#breadcrumb\",\"itemListElement\":[{\"@type\":\"ListItem\",\"position\":1,\"item\":{\"@type\":\"WebPage\",\"@id\":\"http:\/\/grammmedical.com\/en\/\",\"url\":\"http:\/\/grammmedical.com\/en\/\",\"name\":\"Startseite\"}},{\"@type\":\"ListItem\",\"position\":2,\"item\":{\"@type\":\"WebPage\",\"@id\":\"http:\/\/grammmedical.com\/en\/data-protection\/\",\"url\":\"http:\/\/grammmedical.com\/en\/data-protection\/\",\"name\":\"Data protection\"}}]}]}<\/script>\n<!-- \/ Yoast SEO plugin. -->","_links":{"self":[{"href":"http:\/\/grammmedical.com\/en\/wp-json\/wp\/v2\/pages\/23740"}],"collection":[{"href":"http:\/\/grammmedical.com\/en\/wp-json\/wp\/v2\/pages"}],"about":[{"href":"http:\/\/grammmedical.com\/en\/wp-json\/wp\/v2\/types\/page"}],"author":[{"embeddable":true,"href":"http:\/\/grammmedical.com\/en\/wp-json\/wp\/v2\/users\/3"}],"replies":[{"embeddable":true,"href":"http:\/\/grammmedical.com\/en\/wp-json\/wp\/v2\/comments?post=23740"}],"version-history":[{"count":1,"href":"http:\/\/grammmedical.com\/en\/wp-json\/wp\/v2\/pages\/23740\/revisions"}],"predecessor-version":[{"id":23741,"href":"http:\/\/grammmedical.com\/en\/wp-json\/wp\/v2\/pages\/23740\/revisions\/23741"}],"wp:attachment":[{"href":"http:\/\/grammmedical.com\/en\/wp-json\/wp\/v2\/media?parent=23740"}],"curies":[{"name":"wp","href":"https:\/\/api.w.org\/{rel}","templated":true}]}}